{"id":484,"date":"2025-06-05T15:06:02","date_gmt":"2025-06-05T15:06:02","guid":{"rendered":"https:\/\/granfamiliaespiritual.com\/?page_id=484"},"modified":"2025-09-11T11:37:59","modified_gmt":"2025-09-11T10:37:59","slug":"mesa-cuantica-arcoiris","status":"publish","type":"page","link":"https:\/\/granfamiliaespiritual.com\/index.php\/mesa-cuantica-arcoiris\/","title":{"rendered":"Mesa Cu\u00e1ntica Arco\u00edris"},"content":{"rendered":"\t\t<div data-elementor-type=\"wp-page\" data-elementor-id=\"484\" class=\"elementor elementor-484\">\n\t\t\t\t<div class=\"elementor-element elementor-element-be7210d e-flex e-con-boxed e-con e-parent\" data-id=\"be7210d\" data-element_type=\"container\">\n\t\t\t\t\t<div class=\"e-con-inner\">\n\t\t<div class=\"elementor-element elementor-element-b6126f4 e-con-full e-flex e-con e-child\" data-id=\"b6126f4\" data-element_type=\"container\">\n\t\t\t\t<div class=\"elementor-element elementor-element-dd143da elementor-widget elementor-widget-heading\" data-id=\"dd143da\" data-element_type=\"widget\" data-widget_type=\"heading.default\">\n\t\t\t\t<div class=\"elementor-widget-container\">\n\t\t\t\t\t<h2 class=\"elementor-heading-title elementor-size-default\">Sesi\u00f3n Mesa Cu\u00e1ntica  Arco\u00edris<\/h2>\t\t\t\t<\/div>\n\t\t\t\t<\/div>\n\t\t\t\t<div class=\"elementor-element elementor-element-806347d elementor-widget-divider--view-line elementor-widget elementor-widget-divider\" data-id=\"806347d\" data-element_type=\"widget\" data-widget_type=\"divider.default\">\n\t\t\t\t<div class=\"elementor-widget-container\">\n\t\t\t\t\t\t\t<div class=\"elementor-divider\">\n\t\t\t<span class=\"elementor-divider-separator\">\n\t\t\t\t\t\t<\/span>\n\t\t<\/div>\n\t\t\t\t\t\t<\/div>\n\t\t\t\t<\/div>\n\t\t\t\t<div class=\"elementor-element elementor-element-f120635 elementor-widget elementor-widget-text-editor\" data-id=\"f120635\" data-element_type=\"widget\" data-widget_type=\"text-editor.default\">\n\t\t\t\t<div class=\"elementor-widget-container\">\n\t\t\t\t\t\t\t\t\t<h5>Se utiliza junto con un p\u00e9ndulo para diagnosticar, tratar y transmutar bloqueos conscientes e inconscientes, ya sea de esta o de otras vidas. Trabaja tanto a nivel f\u00edsico, emocional, mental como espiritual. Se mueve en una frecuencia vibratoria muy elevada actuando en el campo energ\u00e9tico, capaz de generar grandes transformaciones, desbloqueos y abriendo caminos y muchas otras cosas.<\/h5>\t\t\t\t\t\t\t\t<\/div>\n\t\t\t\t<\/div>\n\t\t\t\t<\/div>\n\t\t<div class=\"elementor-element elementor-element-a15683a e-con-full e-flex e-con e-child\" data-id=\"a15683a\" data-element_type=\"container\">\n\t\t\t\t<div class=\"elementor-element elementor-element-6f650a7 elementor-widget elementor-widget-image\" data-id=\"6f650a7\" data-element_type=\"widget\" data-widget_type=\"image.default\">\n\t\t\t\t<div class=\"elementor-widget-container\">\n\t\t\t\t\t\t\t\t\t\t\t\t\t\t\t<img fetchpriority=\"high\" decoding=\"async\" width=\"1024\" height=\"576\" src=\"https:\/\/granfamiliaespiritual.com\/wp-content\/uploads\/2025\/06\/pexels-jplenio-3262249-1024x576.jpg\" class=\"attachment-large size-large wp-image-378\" alt=\"\" srcset=\"https:\/\/granfamiliaespiritual.com\/wp-content\/uploads\/2025\/06\/pexels-jplenio-3262249-1024x576.jpg 1024w, https:\/\/granfamiliaespiritual.com\/wp-content\/uploads\/2025\/06\/pexels-jplenio-3262249-300x169.jpg 300w, https:\/\/granfamiliaespiritual.com\/wp-content\/uploads\/2025\/06\/pexels-jplenio-3262249-768x432.jpg 768w, https:\/\/granfamiliaespiritual.com\/wp-content\/uploads\/2025\/06\/pexels-jplenio-3262249-1536x864.jpg 1536w, https:\/\/granfamiliaespiritual.com\/wp-content\/uploads\/2025\/06\/pexels-jplenio-3262249-2048x1152.jpg 2048w\" sizes=\"(max-width: 1024px) 100vw, 1024px\" \/>\t\t\t\t\t\t\t\t\t\t\t\t\t\t\t<\/div>\n\t\t\t\t<\/div>\n\t\t\t\t<\/div>\n\t\t\t\t\t<\/div>\n\t\t\t\t<\/div>\n\t\t<div class=\"elementor-element elementor-element-5b627c1 e-grid e-con-boxed e-con e-parent\" data-id=\"5b627c1\" data-element_type=\"container\">\n\t\t\t\t\t<div class=\"e-con-inner\">\n\t\t\t\t<div class=\"elementor-element elementor-element-0500070 elementor-align-center elementor-widget elementor-widget-button\" data-id=\"0500070\" data-element_type=\"widget\" data-widget_type=\"button.default\">\n\t\t\t\t<div class=\"elementor-widget-container\">\n\t\t\t\t\t\t\t\t\t<div class=\"elementor-button-wrapper\">\n\t\t\t\t\t<a class=\"elementor-button elementor-button-link elementor-size-sm\" href=\"https:\/\/wa.me\/34633209777?text=Antonio%20Maza%20-%20Granfamiliaespiritual.com%20\" target=\"_blank\">\n\t\t\t\t\t\t<span class=\"elementor-button-content-wrapper\">\n\t\t\t\t\t\t\t\t\t<span class=\"elementor-button-text\">Pedir cita Mesa Cu\u00e1ntica<\/span>\n\t\t\t\t\t<\/span>\n\t\t\t\t\t<\/a>\n\t\t\t\t<\/div>\n\t\t\t\t\t\t\t\t<\/div>\n\t\t\t\t<\/div>\n\t\t\t\t\t<\/div>\n\t\t\t\t<\/div>\n\t\t<div class=\"elementor-element elementor-element-479082a7 e-flex e-con-boxed e-con e-parent\" data-id=\"479082a7\" data-element_type=\"container\">\n\t\t\t\t\t<div class=\"e-con-inner\">\n\t\t\t\t<div class=\"elementor-element elementor-element-592b8b24 elementor-widget elementor-widget-text-editor\" data-id=\"592b8b24\" data-element_type=\"widget\" data-widget_type=\"text-editor.default\">\n\t\t\t\t<div class=\"elementor-widget-container\">\n\t\t\t\t\t\t\t\t\t<p>La Mesa Cu\u00e1ntica Arco\u00edris se utiliza junto con un p\u00e9ndulo. Con ella, podemos diagnosticar y medir las diversas vibraciones de energ\u00eda existentes en todo, as\u00ed como en situaciones (normales y paranormales), lugares, personas, animales, negocios, etc. Es posible obtener porcentajes precisos de las influencias que recibimos de todo lo que nos rodea.<\/p>\n<p><!-- \/wp:paragraph --><!-- wp:paragraph --><\/p>\n<p>Trabaja tanto a nivel f\u00edsico, emocional, mental como espiritual.<\/p>\n<p><!-- \/wp:paragraph --><!-- wp:paragraph --><\/p>\n<p>Con ella, podemos diagnosticar, tratar y transmutar bloqueos conscientes e inconscientes, que se originan en esta vida, en vidas pasadas e incluso paralelas.<\/p>\n<p><!-- \/wp:paragraph --><!-- wp:paragraph --><\/p>\n<p>En la Mesa Cu\u00e1ntica Arcoiris combinamos: Radiestesia, Radi\u00f3nica, Psicotr\u00f3nica, Geometr\u00eda Sagrada y la Energ\u00eda de Los Rayos Metaf\u00edsicos.<\/p>\n<p><!-- \/wp:paragraph --><!-- wp:list --><\/p>\n<ul class=\"wp-block-list\">\n<li style=\"list-style-type: none;\">\n<ul class=\"wp-block-list\"><!-- wp:list-item --><p><\/p>\n<li>\n<p>La Radiestesia, nos permite medir las radiaciones de la energ\u00eda.<\/p>\n<\/li>\n<\/ul>\n<\/li>\n<\/ul>\n<p><!-- \/wp:list-item --><!-- wp:list-item --><\/p>\n<ul class=\"wp-block-list\">\n<li style=\"list-style-type: none;\">\n<ul class=\"wp-block-list\">\n<li>\n<p>La Radi\u00f3nica: es un sistema por el cual modificamos cualquier realidad, poni\u00e9ndola en completo equilibrio. A trav\u00e9s de la radi\u00f3nica podemos modificar la frecuencia de los objetos, personas, seres,&#8230; Nos permite limpiar, modificar y equilibrar los campos energ\u00e9ticos, a trav\u00e9s de la mente y mediante dispositivos radi\u00f3nicos (gr\u00e1ficos) que generan energ\u00eda.<\/p>\n<\/li>\n<\/ul>\n<\/li>\n<\/ul>\n<p><!-- \/wp:list-item --><!-- wp:list-item --><\/p>\n<ul class=\"wp-block-list\">\n<li style=\"list-style-type: none;\">\n<ul class=\"wp-block-list\">\n<li>\n<p>La Psicotr\u00f3nica: es la energ\u00eda que desprendemos a nivel ps\u00edquico cuando pensamos o nos focalizamos en algo. Esta energ\u00eda influye en la materia.<\/p>\n<\/li>\n<\/ul>\n<\/li>\n<\/ul>\n<p><!-- \/wp:list-item --><!-- wp:list-item --><\/p>\n<ul class=\"wp-block-list\">\n<li style=\"list-style-type: none;\">\n<ul class=\"wp-block-list\">\n<li>\n<p>La Geometr\u00eda Sagrada nos conecta directamente con la unidad. Armoniza y equilibra para conectar a la persona con el Ser que Es.<\/p>\n<\/li>\n<\/ul>\n<\/li>\n<\/ul>\n<p><!-- \/wp:list-item --><!-- wp:list-item --><\/p>\n<ul class=\"wp-block-list\">\n<li style=\"list-style-type: none;\">\n<ul class=\"wp-block-list\">\n<li>\n<p>Los Rayos Metaf\u00edsicos son energ\u00edas del universo que nos ayudan a transformar nuestro interior, activando en nosotros las cualidades que tenemos dormidas. Conect\u00e1ndonos con nuestra Esencia.<\/p>\n<\/li>\n<\/ul>\n<\/li>\n<\/ul>\n<p><!-- \/wp:list-item --><\/p>\n<p><!-- \/wp:list --><!-- wp:paragraph --><\/p>\n<p>A trav\u00e9s de la Mesa Cu\u00e1ntica Arco\u00edris se realiza una activaci\u00f3n de frecuencias que llega a la conciencia del ser. Adem\u00e1s, tambi\u00e9n se activa el prop\u00f3sito divino y un rescate de alegr\u00eda.<\/p>\n<p><!-- \/wp:paragraph --><!-- wp:paragraph --><\/p>\n<p>Puede considerarse una herramienta de sanaci\u00f3n y armonizaci\u00f3n, capaz de tratar problemas afectivos, amorosos, financieros, depresivos y del \u00edndole que sea, pues act\u00faa directamente sobre el reequilibrio del paciente (sea humano, animal, inmueble, negocio,&#8230;).<\/p>\n<p><!-- \/wp:paragraph --><!-- wp:paragraph --><\/p>\n<p><strong>Beneficios de la Mesa Cu\u00e1ntica Arco\u00edris<\/strong><\/p>\n<p><!-- \/wp:paragraph --><!-- wp:paragraph --><\/p>\n<p>-Armonizar las relaciones (profesionales, familiares, afectivas, sociales, etc.).<\/p>\n<p><!-- \/wp:paragraph --><!-- wp:paragraph --><\/p>\n<p>-Transmutar patrones mentales y de comportamiento, traumas, miedos, etc.<\/p>\n<p><!-- \/wp:paragraph --><!-- wp:paragraph --><\/p>\n<p>-Aprovechar una situaci\u00f3n (encontrar trabajo, comprar, alquilar o vender una propiedad o autom\u00f3vil, etc.) Acelerando una demanda.<\/p>\n<p><!-- \/wp:paragraph --><!-- wp:paragraph --><\/p>\n<p>-Limpiar energ\u00edas de casas, lugares de trabajo, autom\u00f3viles, objetos y muebles, independientemente de si estas energ\u00edas han sido creadas por propietarios o residentes anteriores.<\/p>\n<p><!-- \/wp:paragraph --><!-- wp:paragraph --><\/p>\n<p>-Verificar y \u201cliberar\u201d (cuando est\u00e9 permitido) votos, pactos, promesas, contratos, compromisos y lazos k\u00e1rmicos.<\/p>\n<p><!-- \/wp:paragraph --><!-- wp:paragraph --><\/p>\n<p>-Transmutar Bloqueos, ya sean conscientes o inconscientes, de esta vida, de vidas pasadas o de la herencia, determinando y analizando todas las energ\u00edas visibles e invisibles.<\/p>\n<p><!-- \/wp:paragraph --><!-- wp:paragraph --><\/p>\n<p>-Equilibrar y armonizar los cuerpos f\u00edsico, mental, emocional y energ\u00e9tico.<\/p>\n<p><!-- \/wp:paragraph --><!-- wp:paragraph --><\/p>\n<p>-Desbloquear, equilibrar y armonizar los chakras.<\/p>\n<p><!-- \/wp:paragraph --><!-- wp:paragraph --><\/p>\n<p>-Limpiar y armonizar las causas y or\u00edgenes de las enfermedades f\u00edsicas, as\u00ed como despertar y potenciar el proceso de curaci\u00f3n y recuperaci\u00f3n, acelerar el efecto de tratamientos, medicamentos y neutralizar sus efectos secundarios.<\/p>\n<p><!-- \/wp:paragraph --><!-- wp:paragraph --><\/p>\n<p>-Se puede hacer tanto a distancia como presencial, con la misma eficacia.<\/p>\n<p><!-- \/wp:paragraph --><!-- wp:paragraph --><\/p>\n<p><strong>Tratamiento en la Mesa Cu\u00e1ntica Arco\u00edris<\/strong><\/p>\n<p><!-- \/wp:paragraph --><!-- wp:paragraph --><\/p>\n<p>La Mesa Cu\u00e1ntica Arco\u00edris, trabaja en una frecuencia vibratoria muy elevada, actuando en el campo energ\u00e9tico capaz de generar grandes transformaciones, desbloqueos y abriendo caminos y muchas otras cosas.<\/p>\n<p><!-- \/wp:paragraph --><!-- wp:paragraph --><\/p>\n<p>El operador\/Terapeuta (el que realiza la terapia) de la Mesa Cu\u00e1ntica Energ\u00e9tica, mediante su poder mental, usando el p\u00e9ndulo que es un canal y la mesa que es un portal, act\u00faa sobre el campo energ\u00e9tico del testigo\/paciente y as\u00ed logra realizar los ajustes, desbloqueos, limpiezas, activaci\u00f3n de gr\u00e1ficos,.. para el objetivo de la consulta, etc.<\/p>\n<p><!-- \/wp:paragraph --><!-- wp:paragraph --><\/p>\n<p>El consultante\/receptor\/paciente (el que recibe la terapia) empieza a percibir los cambios a los pocos d\u00edas de haber activado dichos ajustes con la mesa. Incluso hay personas que durante la terapia ya est\u00e1n notando cambios.<\/p>\n<p><!-- \/wp:paragraph --><!-- wp:paragraph --><\/p>\n<p>Es un sistema por el cual podemos transformar la realidad del paciente. Es importante que est\u00e9 dispuesto a evolucionar y est\u00e9 consciente y comprometido con el cambio que quiere hacer, ya que una parte de ese cambio depender\u00e1 de su parte y otro de nuestro trabajo.<\/p>\n<p><!-- \/wp:paragraph --><!-- wp:paragraph --><\/p>\n<p>Por regla general, en una sola consulta es posible despejar bloqueos, sanar traumas y brindar orientaci\u00f3n para las situaciones del momento. El trabajo de la Mesa Cu\u00e1ntica Arco\u00edris desencadena un ciclo de limpieza de 21 d\u00edas que da vida a nuevas aperturas de muchas maneras. En la primera o segunda semana pueden ocurrir sue\u00f1os extra\u00f1os. Tambi\u00e9n podr\u00eda ser que no tengas sue\u00f1os, haciendo un procesamiento muy profundo. Una sensaci\u00f3n de calma y claridad trae un nuevo sentido de prop\u00f3sito y significado a todo lo que est\u00e1 experimentando, como si se hubieran levantado varios velos de tu frente y se hubieran quitado kilos y kilos de equipaje innecesario de su espalda. Y la vida tiende a mejorar en todos los \u00e1mbitos\u2026<\/p>\n<p><!-- \/wp:paragraph --><!-- wp:paragraph --><\/p>\n<p><strong>En La Mesa Cu\u00e1ntica Arco\u00edris utilizamos:<\/strong><\/p>\n<p><!-- \/wp:paragraph --><!-- wp:list {\"ordered\":true} --><\/p>\n<ol class=\"wp-block-list\">\n<li style=\"list-style-type: none;\">\n<ol class=\"wp-block-list\"><!-- wp:list-item --><p><\/p>\n<li>\n<p>El paciente\/consultante, es la persona que conectamos a la mesa. Ponemos en un papelito: Nombre completo y fecha de nacimiento.<\/p>\n<\/li>\n<\/ol>\n<\/li>\n<\/ol>\n<p><!-- \/wp:list-item --><!-- wp:list-item --><\/p>\n<ol class=\"wp-block-list\">\n<li style=\"list-style-type: none;\">\n<ol class=\"wp-block-list\">\n<li>\n<p>Mesa Cu\u00e1ntica Arcoiris: Es el nexo para conectar con el paciente. Es un portal energ\u00e9tico que emite, amplifica o direcciona la energ\u00eda sobre el paciente, usando los gr\u00e1ficos o las formas geom\u00e9tricas o los c\u00f3digos, etc.<\/p>\n<\/li>\n<\/ol>\n<\/li>\n<\/ol>\n<p><!-- \/wp:list-item --><\/p>\n<p><!-- \/wp:list --><!-- wp:list {\"ordered\":true,\"start\":3} --><\/p>\n<ol class=\"wp-block-list\" start=\"3\">\n<li style=\"list-style-type: none;\">\n<ol class=\"wp-block-list\" start=\"3\"><!-- wp:list-item --><p><\/p>\n<li>\n<p>Objetivo: Que es lo que queremos desbloquear o energizar. Tiene que existir una intenci\u00f3n clara.<\/p>\n<\/li>\n<\/ol>\n<\/li>\n<\/ol>\n<p><!-- \/wp:list-item --><!-- wp:list-item --><\/p>\n<ol class=\"wp-block-list\" start=\"3\">\n<li style=\"list-style-type: none;\">\n<ol class=\"wp-block-list\" start=\"3\">\n<li>\n<p>P\u00e9ndulo: Es un instrumento radiest\u00e9sico que amplifica las vibraciones percibidas por el terapeuta. Es el que transmite la energ\u00eda, potencia, encauza y la dirige en la mesa, al testigo. Cuando trabajamos un pedido\/prop\u00f3sito\/petici\u00f3n, lo escribimos en el papelito y decimos a la mesa: Mu\u00e9strame que tengo que trabajar en mi\/paciente para desbloquear este prop\u00f3sito.<\/p>\n<\/li>\n<\/ol>\n<\/li>\n<\/ol>\n<p><!-- \/wp:list-item --><\/p>\n<p><!-- \/wp:list --><!-- wp:group {\"metadata\":{\"categories\":[\"footer\"],\"patternName\":\"core\/pie-de-pagina-centrado-con-enlaces-sociales\",\"name\":\"Pie de p\u00e1gina centrado con enlaces sociales\"},\"align\":\"full\",\"style\":{\"spacing\":{\"padding\":{\"right\":\"var:preset|spacing|50\",\"bottom\":\"var:preset|spacing|60\",\"left\":\"var:preset|spacing|50\",\"top\":\"var:preset|spacing|60\"},\"blockGap\":\"var:preset|spacing|40\",\"margin\":{\"top\":\"0\",\"bottom\":\"0\"}},\"dimensions\":{\"minHeight\":\"40vh\"}},\"textColor\":\"contrast\",\"layout\":{\"type\":\"flex\",\"orientation\":\"vertical\",\"justifyContent\":\"center\",\"verticalAlignment\":\"center\"}} --><\/p>\n<p><!-- \/wp:group --><!-- wp:paragraph --><\/p>\n<p><!-- \/wp:paragraph --><\/p>\t\t\t\t\t\t\t\t<\/div>\n\t\t\t\t<\/div>\n\t\t\t\t\t<\/div>\n\t\t\t\t<\/div>\n\t\t<div class=\"elementor-element elementor-element-0c4c20a e-grid e-con-boxed e-con e-parent\" data-id=\"0c4c20a\" data-element_type=\"container\">\n\t\t\t\t\t<div class=\"e-con-inner\">\n\t\t\t\t<div class=\"elementor-element elementor-element-1e5256b elementor-align-center elementor-widget elementor-widget-button\" data-id=\"1e5256b\" data-element_type=\"widget\" data-widget_type=\"button.default\">\n\t\t\t\t<div class=\"elementor-widget-container\">\n\t\t\t\t\t\t\t\t\t<div class=\"elementor-button-wrapper\">\n\t\t\t\t\t<a class=\"elementor-button elementor-button-link elementor-size-sm\" href=\"https:\/\/wa.me\/34633209777?text=Antonio%20Maza%20-%20Granfamiliaespiritual.com%20\" target=\"_blank\">\n\t\t\t\t\t\t<span class=\"elementor-button-content-wrapper\">\n\t\t\t\t\t\t\t\t\t<span class=\"elementor-button-text\">Pedir cita Mesa Cu\u00e1ntica<\/span>\n\t\t\t\t\t<\/span>\n\t\t\t\t\t<\/a>\n\t\t\t\t<\/div>\n\t\t\t\t\t\t\t\t<\/div>\n\t\t\t\t<\/div>\n\t\t\t\t\t<\/div>\n\t\t\t\t<\/div>\n\t\t<div class=\"elementor-element elementor-element-56cab9e e-grid e-con-boxed e-con e-parent\" data-id=\"56cab9e\" data-element_type=\"container\">\n\t\t\t\t\t<div class=\"e-con-inner\">\n\t\t\t\t<div class=\"elementor-element elementor-element-15b9d10 elementor-widget-divider--view-line elementor-widget elementor-widget-divider\" data-id=\"15b9d10\" data-element_type=\"widget\" data-widget_type=\"divider.default\">\n\t\t\t\t<div class=\"elementor-widget-container\">\n\t\t\t\t\t\t\t<div class=\"elementor-divider\">\n\t\t\t<span class=\"elementor-divider-separator\">\n\t\t\t\t\t\t<\/span>\n\t\t<\/div>\n\t\t\t\t\t\t<\/div>\n\t\t\t\t<\/div>\n\t\t\t\t<div class=\"elementor-element elementor-element-4920461 elementor-widget elementor-widget-text-editor\" data-id=\"4920461\" data-element_type=\"widget\" data-widget_type=\"text-editor.default\">\n\t\t\t\t<div class=\"elementor-widget-container\">\n\t\t\t\t\t\t\t\t\t<p style=\"text-align: center;\">\u00a9 2025 granfamiliaespiritual <a href=\"https:\/\/granfamiliaespiritual.com\/index.php\/politica-de-privacidad\/\">Pol\u00edticas de Privacidad<\/a><\/p>\t\t\t\t\t\t\t\t<\/div>\n\t\t\t\t<\/div>\n\t\t\t\t\t<\/div>\n\t\t\t\t<\/div>\n\t\t\t\t<\/div>\n\t\t","protected":false},"excerpt":{"rendered":"<p>Sesi\u00f3n Mesa Cu\u00e1ntica Arco\u00edris Se utiliza junto con un p\u00e9ndulo para diagnosticar, tratar y transmutar bloqueos conscientes e inconscientes, ya sea de esta o de otras vidas. Trabaja tanto a nivel f\u00edsico, emocional, mental como espiritual. Se mueve en una frecuencia vibratoria muy elevada actuando en el campo energ\u00e9tico, capaz de generar grandes transformaciones, desbloqueos &#8230; <a title=\"Mesa Cu\u00e1ntica Arco\u00edris\" class=\"read-more\" href=\"https:\/\/granfamiliaespiritual.com\/index.php\/mesa-cuantica-arcoiris\/\" aria-label=\"Leer m\u00e1s sobre Mesa Cu\u00e1ntica Arco\u00edris\">Leer m\u00e1s<\/a><\/p>\n","protected":false},"author":1,"featured_media":0,"parent":0,"menu_order":0,"comment_status":"closed","ping_status":"closed","template":"","meta":{"footnotes":""},"class_list":["post-484","page","type-page","status-publish"],"jetpack_sharing_enabled":true,"_links":{"self":[{"href":"https:\/\/granfamiliaespiritual.com\/index.php\/wp-json\/wp\/v2\/pages\/484","targetHints":{"allow":["GET"]}}],"collection":[{"href":"https:\/\/granfamiliaespiritual.com\/index.php\/wp-json\/wp\/v2\/pages"}],"about":[{"href":"https:\/\/granfamiliaespiritual.com\/index.php\/wp-json\/wp\/v2\/types\/page"}],"author":[{"embeddable":true,"href":"https:\/\/granfamiliaespiritual.com\/index.php\/wp-json\/wp\/v2\/users\/1"}],"replies":[{"embeddable":true,"href":"https:\/\/granfamiliaespiritual.com\/index.php\/wp-json\/wp\/v2\/comments?post=484"}],"version-history":[{"count":54,"href":"https:\/\/granfamiliaespiritual.com\/index.php\/wp-json\/wp\/v2\/pages\/484\/revisions"}],"predecessor-version":[{"id":1207,"href":"https:\/\/granfamiliaespiritual.com\/index.php\/wp-json\/wp\/v2\/pages\/484\/revisions\/1207"}],"wp:attachment":[{"href":"https:\/\/granfamiliaespiritual.com\/index.php\/wp-json\/wp\/v2\/media?parent=484"}],"curies":[{"name":"wp","href":"https:\/\/api.w.org\/{rel}","templated":true}]}}