{"id":927,"date":"2025-06-24T10:25:39","date_gmt":"2025-06-24T09:25:39","guid":{"rendered":"https:\/\/granfamiliaespiritual.com\/?page_id=927"},"modified":"2025-09-11T11:43:01","modified_gmt":"2025-09-11T10:43:01","slug":"programa-kaizen","status":"publish","type":"page","link":"https:\/\/granfamiliaespiritual.com\/index.php\/programa-kaizen\/","title":{"rendered":"Programa Kaizen"},"content":{"rendered":"\t\t<div data-elementor-type=\"wp-page\" data-elementor-id=\"927\" class=\"elementor elementor-927\">\n\t\t\t\t<div class=\"elementor-element elementor-element-8977c2f e-flex e-con-boxed e-con e-parent\" data-id=\"8977c2f\" data-element_type=\"container\">\n\t\t\t\t\t<div class=\"e-con-inner\">\n\t\t<div class=\"elementor-element elementor-element-5df5eed e-con-full e-flex e-con e-child\" data-id=\"5df5eed\" data-element_type=\"container\">\n\t\t\t\t<div class=\"elementor-element elementor-element-a08cb4e elementor-widget elementor-widget-image\" data-id=\"a08cb4e\" data-element_type=\"widget\" data-widget_type=\"image.default\">\n\t\t\t\t<div class=\"elementor-widget-container\">\n\t\t\t\t\t\t\t\t\t\t\t\t\t\t\t<img fetchpriority=\"high\" decoding=\"async\" width=\"1024\" height=\"683\" src=\"https:\/\/granfamiliaespiritual.com\/wp-content\/uploads\/2025\/06\/pexels-gabby-k-5384613-1024x683.jpg\" class=\"attachment-large size-large wp-image-373\" alt=\"\" srcset=\"https:\/\/granfamiliaespiritual.com\/wp-content\/uploads\/2025\/06\/pexels-gabby-k-5384613-1024x683.jpg 1024w, https:\/\/granfamiliaespiritual.com\/wp-content\/uploads\/2025\/06\/pexels-gabby-k-5384613-300x200.jpg 300w, https:\/\/granfamiliaespiritual.com\/wp-content\/uploads\/2025\/06\/pexels-gabby-k-5384613-768x512.jpg 768w, https:\/\/granfamiliaespiritual.com\/wp-content\/uploads\/2025\/06\/pexels-gabby-k-5384613-1536x1024.jpg 1536w, https:\/\/granfamiliaespiritual.com\/wp-content\/uploads\/2025\/06\/pexels-gabby-k-5384613-2048x1365.jpg 2048w\" sizes=\"(max-width: 1024px) 100vw, 1024px\" \/>\t\t\t\t\t\t\t\t\t\t\t\t\t\t\t<\/div>\n\t\t\t\t<\/div>\n\t\t\t\t<\/div>\n\t\t<div class=\"elementor-element elementor-element-5981394 e-con-full e-flex e-con e-child\" data-id=\"5981394\" data-element_type=\"container\">\n\t\t\t\t<div class=\"elementor-element elementor-element-60c7353 elementor-widget__width-initial elementor-widget elementor-widget-heading\" data-id=\"60c7353\" data-element_type=\"widget\" data-widget_type=\"heading.default\">\n\t\t\t\t<div class=\"elementor-widget-container\">\n\t\t\t\t\t<h2 class=\"elementor-heading-title elementor-size-default\">Programa Kaizen<\/h2>\t\t\t\t<\/div>\n\t\t\t\t<\/div>\n\t\t\t\t<div class=\"elementor-element elementor-element-d17b9fd elementor-widget-divider--view-line elementor-widget elementor-widget-divider\" data-id=\"d17b9fd\" data-element_type=\"widget\" data-widget_type=\"divider.default\">\n\t\t\t\t<div class=\"elementor-widget-container\">\n\t\t\t\t\t\t\t<div class=\"elementor-divider\">\n\t\t\t<span class=\"elementor-divider-separator\">\n\t\t\t\t\t\t<\/span>\n\t\t<\/div>\n\t\t\t\t\t\t<\/div>\n\t\t\t\t<\/div>\n\t\t\t\t<div class=\"elementor-element elementor-element-f892889 elementor-widget elementor-widget-text-editor\" data-id=\"f892889\" data-element_type=\"widget\" data-widget_type=\"text-editor.default\">\n\t\t\t\t<div class=\"elementor-widget-container\">\n\t\t\t\t\t\t\t\t\t<h5>Ha llegado el momento de priorizarte y de invertir en ti. Programa de Crecimiento Personal exclusivo y personalizado de 13 semanas que te va a permitir descubrir c\u00f3mo estar en un estado casi permanente de paz interior y felicidad, y llevar tu experiencia de vida y tus proyectos personales al m\u00e1s alto nivel.<\/h5>\t\t\t\t\t\t\t\t<\/div>\n\t\t\t\t<\/div>\n\t\t\t\t<\/div>\n\t\t\t\t\t<\/div>\n\t\t\t\t<\/div>\n\t\t<div class=\"elementor-element elementor-element-2ad1c4f e-flex e-con-boxed e-con e-parent\" data-id=\"2ad1c4f\" data-element_type=\"container\">\n\t\t\t\t\t<div class=\"e-con-inner\">\n\t\t\t\t<div class=\"elementor-element elementor-element-d06cda1 elementor-align-center elementor-widget elementor-widget-button\" data-id=\"d06cda1\" data-element_type=\"widget\" data-widget_type=\"button.default\">\n\t\t\t\t<div class=\"elementor-widget-container\">\n\t\t\t\t\t\t\t\t\t<div class=\"elementor-button-wrapper\">\n\t\t\t\t\t<a class=\"elementor-button elementor-button-link elementor-size-sm\" href=\"https:\/\/wa.me\/34633209777?text=Antonio%20Maza%20-%20Granfamiliaespiritual.com%20\" target=\"_blank\">\n\t\t\t\t\t\t<span class=\"elementor-button-content-wrapper\">\n\t\t\t\t\t\t\t\t\t<span class=\"elementor-button-text\">Reserva sesi\u00f3n informativa gratuita<\/span>\n\t\t\t\t\t<\/span>\n\t\t\t\t\t<\/a>\n\t\t\t\t<\/div>\n\t\t\t\t\t\t\t\t<\/div>\n\t\t\t\t<\/div>\n\t\t\t\t\t<\/div>\n\t\t\t\t<\/div>\n\t\t<div class=\"elementor-element elementor-element-39d0a03 e-grid e-con-boxed e-con e-parent\" data-id=\"39d0a03\" data-element_type=\"container\">\n\t\t\t\t\t<div class=\"e-con-inner\">\n\t\t\t\t\t<\/div>\n\t\t\t\t<\/div>\n\t\t<div class=\"elementor-element elementor-element-2ac3fdc e-flex e-con-boxed e-con e-parent\" data-id=\"2ac3fdc\" data-element_type=\"container\">\n\t\t\t\t\t<div class=\"e-con-inner\">\n\t\t\t\t<div class=\"elementor-element elementor-element-ada5cbf elementor-widget elementor-widget-text-editor\" data-id=\"ada5cbf\" data-element_type=\"widget\" data-widget_type=\"text-editor.default\">\n\t\t\t\t<div class=\"elementor-widget-container\">\n\t\t\t\t\t\t\t\t\t<p>El Programa Kaizen es un curso intensivo, personalizado y muy exclusivo destinado a una sola persona. Esta dedicaci\u00f3n en exclusiva, para una sola persona, facilita el poder descifrar f\u00e1cilmente todos los elementos necesarios para poder hacer una gran transformaci\u00f3n personal.<\/p>\n<p>Para poder entender mucho mejor el funcionamiento y la din\u00e1mica de este Programa, he creado una Masterclass titulada &#8220;Manual de Instrucciones para Ser Feliz&#8221;, en la que se describe de forma detallada el temario y todos los elementos del funcionamiento del proceso. En el siguiente enlace acceder\u00e1s directamente al PDF: <a href=\"https:\/\/drive.google.com\/file\/d\/1xXNJfEemn6ULgOHQa79oaxhsL5OZAZWK\/view?usp=sharing\" target=\"_blank\" rel=\"noopener\">Manual de Instrucciones para ser Feliz<\/a><\/p>\n<p>Tambi\u00e9n es altamente recomendable visualizar la entrevista que me hicieron sobre el Programa Kaizen en la que podr\u00e1s escuchar un testimonio real de una de mis clientas expresando su gran satisfacci\u00f3n por el Programa Kaizen. En el siguiente enlace podr\u00e1s acceder al video en YouTube:\u00a0\u00a0<a href=\"https:\/\/www.youtube.com\/watch?v=myYsmaqtlck\" target=\"_blank\" rel=\"noopener\">Entrevista sobre el Programa Kaizen<\/a><\/p>\n<p>\u00a0<\/p>\n<p><!-- \/wp:paragraph --><\/p>\t\t\t\t\t\t\t\t<\/div>\n\t\t\t\t<\/div>\n\t\t\t\t\t<\/div>\n\t\t\t\t<\/div>\n\t\t<div class=\"elementor-element elementor-element-f374b36 e-grid e-con-boxed e-con e-parent\" data-id=\"f374b36\" data-element_type=\"container\">\n\t\t\t\t\t<div class=\"e-con-inner\">\n\t\t\t\t<div class=\"elementor-element elementor-element-8dd7f62 elementor-align-center elementor-widget elementor-widget-button\" data-id=\"8dd7f62\" data-element_type=\"widget\" data-widget_type=\"button.default\">\n\t\t\t\t<div class=\"elementor-widget-container\">\n\t\t\t\t\t\t\t\t\t<div class=\"elementor-button-wrapper\">\n\t\t\t\t\t<a class=\"elementor-button elementor-button-link elementor-size-sm\" href=\"https:\/\/wa.me\/34633209777?text=Antonio%20Maza%20-%20Granfamiliaespiritual.com%20\" target=\"_blank\">\n\t\t\t\t\t\t<span class=\"elementor-button-content-wrapper\">\n\t\t\t\t\t\t\t\t\t<span class=\"elementor-button-text\">Reserva sesi\u00f3n informativa gratuita<\/span>\n\t\t\t\t\t<\/span>\n\t\t\t\t\t<\/a>\n\t\t\t\t<\/div>\n\t\t\t\t\t\t\t\t<\/div>\n\t\t\t\t<\/div>\n\t\t\t\t\t<\/div>\n\t\t\t\t<\/div>\n\t\t<div class=\"elementor-element elementor-element-7832ef6 e-flex e-con-boxed e-con e-parent\" data-id=\"7832ef6\" data-element_type=\"container\">\n\t\t\t\t\t<div class=\"e-con-inner\">\n\t\t\t\t<div class=\"elementor-element elementor-element-76c9b99 elementor-widget-divider--view-line elementor-widget elementor-widget-divider\" data-id=\"76c9b99\" data-element_type=\"widget\" data-widget_type=\"divider.default\">\n\t\t\t\t<div class=\"elementor-widget-container\">\n\t\t\t\t\t\t\t<div class=\"elementor-divider\">\n\t\t\t<span class=\"elementor-divider-separator\">\n\t\t\t\t\t\t<\/span>\n\t\t<\/div>\n\t\t\t\t\t\t<\/div>\n\t\t\t\t<\/div>\n\t\t\t\t<div class=\"elementor-element elementor-element-2cd35a3 elementor-widget elementor-widget-text-editor\" data-id=\"2cd35a3\" data-element_type=\"widget\" data-widget_type=\"text-editor.default\">\n\t\t\t\t<div class=\"elementor-widget-container\">\n\t\t\t\t\t\t\t\t\t<p style=\"text-align: center;\">\u00a9 2025 granfamiliaespiritual <a href=\"https:\/\/granfamiliaespiritual.com\/index.php\/politica-de-privacidad\/\">Pol\u00edticas de Privacidad<\/a><\/p>\t\t\t\t\t\t\t\t<\/div>\n\t\t\t\t<\/div>\n\t\t\t\t\t<\/div>\n\t\t\t\t<\/div>\n\t\t<div class=\"elementor-element elementor-element-5f1f1a9 e-flex e-con-boxed e-con e-parent\" data-id=\"5f1f1a9\" data-element_type=\"container\">\n\t\t\t\t\t<div class=\"e-con-inner\">\n\t\t\t\t\t<\/div>\n\t\t\t\t<\/div>\n\t\t\t\t<\/div>\n\t\t","protected":false},"excerpt":{"rendered":"<p>Programa Kaizen Ha llegado el momento de priorizarte y de invertir en ti. Programa de Crecimiento Personal exclusivo y personalizado de 13 semanas que te va a permitir descubrir c\u00f3mo estar en un estado casi permanente de paz interior y felicidad, y llevar tu experiencia de vida y tus proyectos personales al m\u00e1s alto nivel. &#8230; <a title=\"Programa Kaizen\" class=\"read-more\" href=\"https:\/\/granfamiliaespiritual.com\/index.php\/programa-kaizen\/\" aria-label=\"Leer m\u00e1s sobre Programa Kaizen\">Leer m\u00e1s<\/a><\/p>\n","protected":false},"author":1,"featured_media":0,"parent":0,"menu_order":0,"comment_status":"closed","ping_status":"closed","template":"","meta":{"footnotes":""},"class_list":["post-927","page","type-page","status-publish"],"jetpack_sharing_enabled":true,"_links":{"self":[{"href":"https:\/\/granfamiliaespiritual.com\/index.php\/wp-json\/wp\/v2\/pages\/927","targetHints":{"allow":["GET"]}}],"collection":[{"href":"https:\/\/granfamiliaespiritual.com\/index.php\/wp-json\/wp\/v2\/pages"}],"about":[{"href":"https:\/\/granfamiliaespiritual.com\/index.php\/wp-json\/wp\/v2\/types\/page"}],"author":[{"embeddable":true,"href":"https:\/\/granfamiliaespiritual.com\/index.php\/wp-json\/wp\/v2\/users\/1"}],"replies":[{"embeddable":true,"href":"https:\/\/granfamiliaespiritual.com\/index.php\/wp-json\/wp\/v2\/comments?post=927"}],"version-history":[{"count":36,"href":"https:\/\/granfamiliaespiritual.com\/index.php\/wp-json\/wp\/v2\/pages\/927\/revisions"}],"predecessor-version":[{"id":1211,"href":"https:\/\/granfamiliaespiritual.com\/index.php\/wp-json\/wp\/v2\/pages\/927\/revisions\/1211"}],"wp:attachment":[{"href":"https:\/\/granfamiliaespiritual.com\/index.php\/wp-json\/wp\/v2\/media?parent=927"}],"curies":[{"name":"wp","href":"https:\/\/api.w.org\/{rel}","templated":true}]}}